{"id":86,"date":"2016-01-31T21:46:23","date_gmt":"2016-01-31T21:46:23","guid":{"rendered":"http:\/\/protect-pharma.hr?page_id=86"},"modified":"2016-03-04T17:28:25","modified_gmt":"2016-03-04T17:28:25","slug":"arbofit-arbovita","status":"publish","type":"page","link":"https:\/\/protect-pharma.hr\/hr\/distribucija\/arbofit-arbovita\/","title":{"rendered":"Arbofit, Arbovita"},"content":{"rendered":"<p>Eko certificirani proizvodi od eko aronije, uzgojene na <a href=\"http:\/\/www.bogadi-agro.hr\/\">obiteljskom poljoprivrednom gospodarstvu Bogadi Ivica iz Mikleu\u0161a.<\/a><\/p>\n<p>Sok je dobiven od ekolo\u0161ki uzgojenih bobica ARONIJE sa obronaka Papuka, nema dodataka vode i \u0161e\u0107era\/<br \/>\nProizvo\u0111a\u010d: OPG BOGADI, Matije Gupca 102, 33 517 Mikleu\u0161, Hrvatska.<br \/>\nUvjeti \u010duvanja: \u010cuvati u mra\u010dnom i hladnom prostoru.<br \/>\nNapomene: Konzumirati do 1 dcl dnevno (0,5 ujutro-0,5 nakon najobilnijeg obroka ili nave\u010der).<br \/>\nZemlja podrijetla: Hrvatska. Kodni broj: HR-EKO-01.<br \/>\n<img decoding=\"async\" src=\"http:\/\/protect-pharma.hrwp-content\/uploads\/2016\/02\/Arbovita_eko_maticni_sok_aronija_opg_bogadi_protect_pharma.jpg\" alt=\"arbovita eko maticni sok od aronije opg bogadi protect pharma\" \/><\/p>\n<p>Prah aronije je izrazito sitne granulacije i dobiven je od dehidriranih bobica aronije. Prilikom obrade temperatura ne prelazi 35 \u00b0C \u010dime su o\u010duvane sve nutritivne vrijednosti proizvoda. Ne sadr\u017ei arome, zasla\u0111iva\u010de, bojila niti konzervanse. Namijenjen je svim dobnim skupinama i mo\u017eete ga dodati u muesle, shake, \u010daj, med, jogurt, kefir te ga mo\u017eete koristiti i kao bojilo u kola\u010dima.<br \/>\nNeto koli\u010dina 200 g (20 x 10g).<br \/>\nStavlja na tr\u017ei\u0161te: OPG BOGADI, Matije Gupca 102, 33 517 Mikleu\u0161, Hrvatska.<br \/>\nZemlja podrijetla: Hrvatska. Kodni broj: HR-EKO-01<br \/>\nUvjeti \u010duvanja: \u010duvati na suhom i hladnom mjestu.<br \/>\nPrera\u0111uje i pakira: Protect Pharma d.o.o.<br \/>\n<img decoding=\"async\" src=\"http:\/\/protect-pharma.hrwp-content\/uploads\/2016\/02\/Arbofit_eko_prah_aronija_opg_bogadi_protect_pharma.jpg.jpg\" alt=\"arbofit eko prah aronija opg bogadi protect pharma\" \/><br \/>\n<\/p>","protected":false},"excerpt":{"rendered":"<p>Eko certificirani proizvodi od eko aronije, uzgojene na obiteljskom poljoprivrednom gospodarstvu Bogadi Ivica iz Mikleu\u0161a. Sok je dobiven od ekolo\u0161ki uzgojenih bobica ARONIJE sa obronaka Papuka, nema dodataka vode i \u0161e\u0107era\/ Proizvo\u0111a\u010d: OPG BOGADI, Matije Gupca 102, 33 517 Mikleu\u0161, Hrvatska. Uvjeti \u010duvanja: \u010cuvati u mra\u010dnom i hladnom prostoru. Napomene: Konzumirati do 1 dcl dnevno &hellip; <a href=\"https:\/\/protect-pharma.hr\/hr\/distribucija\/arbofit-arbovita\/\" class=\"more-link\">Nastavi \u010ditati <span class=\"screen-reader-text\">Arbofit, Arbovita<\/span> <span class=\"meta-nav\">&rarr;<\/span><\/a><\/p>\n","protected":false},"author":1,"featured_media":0,"parent":62,"menu_order":0,"comment_status":"closed","ping_status":"closed","template":"","meta":{"footnotes":""},"class_list":["post-86","page","type-page","status-publish","hentry"],"_links":{"self":[{"href":"https:\/\/protect-pharma.hr\/hr\/wp-json\/wp\/v2\/pages\/86","targetHints":{"allow":["GET"]}}],"collection":[{"href":"https:\/\/protect-pharma.hr\/hr\/wp-json\/wp\/v2\/pages"}],"about":[{"href":"https:\/\/protect-pharma.hr\/hr\/wp-json\/wp\/v2\/types\/page"}],"author":[{"embeddable":true,"href":"https:\/\/protect-pharma.hr\/hr\/wp-json\/wp\/v2\/users\/1"}],"replies":[{"embeddable":true,"href":"https:\/\/protect-pharma.hr\/hr\/wp-json\/wp\/v2\/comments?post=86"}],"version-history":[{"count":6,"href":"https:\/\/protect-pharma.hr\/hr\/wp-json\/wp\/v2\/pages\/86\/revisions"}],"predecessor-version":[{"id":253,"href":"https:\/\/protect-pharma.hr\/hr\/wp-json\/wp\/v2\/pages\/86\/revisions\/253"}],"up":[{"embeddable":true,"href":"https:\/\/protect-pharma.hr\/hr\/wp-json\/wp\/v2\/pages\/62"}],"wp:attachment":[{"href":"https:\/\/protect-pharma.hr\/hr\/wp-json\/wp\/v2\/media?parent=86"}],"curies":[{"name":"wp","href":"https:\/\/api.w.org\/{rel}","templated":true}]}}