{"id":64,"date":"2016-01-31T21:29:36","date_gmt":"2016-01-31T21:29:36","guid":{"rendered":"http:\/\/protect-pharma.hr?page_id=64"},"modified":"2018-06-02T12:49:58","modified_gmt":"2018-06-02T12:49:58","slug":"izvoz","status":"publish","type":"page","link":"https:\/\/protect-pharma.hr\/hr\/usluge\/izvoz\/","title":{"rendered":"Eko izvoz"},"content":{"rendered":"<p>Ako ste ekolo\u0161ki proizvo\u0111a\u010d ili ste jo\u0161 u prelaznom razdoblju, a imate vi\u0161ka \u017eitarica ili uljarica koje \u017eelite prodati, a ne uspjevate sami, ili se jednostavno ne \u017eelite baviti tra\u017eenjem pouzdanog kupca, mi za Vas mo\u017eemo prona\u0107i kupca za Va\u0161e proizvode, \u0161to u Hrvatskoj a \u0161to u zemljama Europske Unije.<\/p>\n<p>Kulture za koje trenutno imamo kupce su:<br \/>\n\u2013 Eko soja<br \/>\n\u2013 Eko uljana repica<br \/>\n\u2013 Eko pir<br \/>\n\u2013 Eko zob<br \/>\n\u2013 Eko p\u0161enica<br \/>\n\u2013 Eko konoplja sativa<br \/>\n\u2013 Eko aronija<\/p>\n<p>Napomena: navedene kulture se koriste za ljudsku prehranu.<\/p>\n<p>Slobodno nas kontaktirajte za vi\u0161e informacija:<br \/>\nTel: +38531 400 511<br \/>\nE-mail: prodaja@protect-pharma.hr<\/p>","protected":false},"excerpt":{"rendered":"<p>Ako ste ekolo\u0161ki proizvo\u0111a\u010d ili ste jo\u0161 u prelaznom razdoblju, a imate vi\u0161ka \u017eitarica ili uljarica koje \u017eelite prodati, a ne uspjevate sami, ili se jednostavno ne \u017eelite baviti tra\u017eenjem pouzdanog kupca, mi za Vas mo\u017eemo prona\u0107i kupca za Va\u0161e proizvode, \u0161to u Hrvatskoj a \u0161to u zemljama Europske Unije. Kulture za koje trenutno imamo &hellip; <a href=\"https:\/\/protect-pharma.hr\/hr\/usluge\/izvoz\/\" class=\"more-link\">Nastavi \u010ditati <span class=\"screen-reader-text\">Eko izvoz<\/span> <span class=\"meta-nav\">&rarr;<\/span><\/a><\/p>\n","protected":false},"author":1,"featured_media":0,"parent":34,"menu_order":0,"comment_status":"closed","ping_status":"closed","template":"","meta":{"footnotes":""},"class_list":["post-64","page","type-page","status-publish","hentry"],"_links":{"self":[{"href":"https:\/\/protect-pharma.hr\/hr\/wp-json\/wp\/v2\/pages\/64","targetHints":{"allow":["GET"]}}],"collection":[{"href":"https:\/\/protect-pharma.hr\/hr\/wp-json\/wp\/v2\/pages"}],"about":[{"href":"https:\/\/protect-pharma.hr\/hr\/wp-json\/wp\/v2\/types\/page"}],"author":[{"embeddable":true,"href":"https:\/\/protect-pharma.hr\/hr\/wp-json\/wp\/v2\/users\/1"}],"replies":[{"embeddable":true,"href":"https:\/\/protect-pharma.hr\/hr\/wp-json\/wp\/v2\/comments?post=64"}],"version-history":[{"count":7,"href":"https:\/\/protect-pharma.hr\/hr\/wp-json\/wp\/v2\/pages\/64\/revisions"}],"predecessor-version":[{"id":419,"href":"https:\/\/protect-pharma.hr\/hr\/wp-json\/wp\/v2\/pages\/64\/revisions\/419"}],"up":[{"embeddable":true,"href":"https:\/\/protect-pharma.hr\/hr\/wp-json\/wp\/v2\/pages\/34"}],"wp:attachment":[{"href":"https:\/\/protect-pharma.hr\/hr\/wp-json\/wp\/v2\/media?parent=64"}],"curies":[{"name":"wp","href":"https:\/\/api.w.org\/{rel}","templated":true}]}}