{"id":60,"date":"2016-01-31T21:28:52","date_gmt":"2016-01-31T21:28:52","guid":{"rendered":"http:\/\/protect-pharma.hr?page_id=60"},"modified":"2018-06-02T12:50:41","modified_gmt":"2018-06-02T12:50:41","slug":"skladiste-i-logistika","status":"publish","type":"page","link":"https:\/\/protect-pharma.hr\/hr\/skladiste-i-logistika\/","title":{"rendered":"Skladi\u0161te i logistika"},"content":{"rendered":"<p>Ukoliko imate potrebu za skladi\u0161tenjem i logistikom Va\u0161ih ekolo\u0161kih proizvoda, slobodno nas kontaktirajte.<\/p>\n<p>Slobodno nas kontaktirajte za vi\u0161e informacija:<br \/>\nTel: +38531 400 511<br \/>\nE-mail: prodaja@protect-pharma.hr<\/p>","protected":false},"excerpt":{"rendered":"<p>Ukoliko imate potrebu za skladi\u0161tenjem i logistikom Va\u0161ih ekolo\u0161kih proizvoda, slobodno nas kontaktirajte. Slobodno nas kontaktirajte za vi\u0161e informacija: Tel: +38531 400 511 E-mail: prodaja@protect-pharma.hr<\/p>\n","protected":false},"author":1,"featured_media":0,"parent":0,"menu_order":0,"comment_status":"closed","ping_status":"closed","template":"","meta":{"footnotes":""},"class_list":["post-60","page","type-page","status-publish","hentry"],"_links":{"self":[{"href":"https:\/\/protect-pharma.hr\/hr\/wp-json\/wp\/v2\/pages\/60","targetHints":{"allow":["GET"]}}],"collection":[{"href":"https:\/\/protect-pharma.hr\/hr\/wp-json\/wp\/v2\/pages"}],"about":[{"href":"https:\/\/protect-pharma.hr\/hr\/wp-json\/wp\/v2\/types\/page"}],"author":[{"embeddable":true,"href":"https:\/\/protect-pharma.hr\/hr\/wp-json\/wp\/v2\/users\/1"}],"replies":[{"embeddable":true,"href":"https:\/\/protect-pharma.hr\/hr\/wp-json\/wp\/v2\/comments?post=60"}],"version-history":[{"count":5,"href":"https:\/\/protect-pharma.hr\/hr\/wp-json\/wp\/v2\/pages\/60\/revisions"}],"predecessor-version":[{"id":421,"href":"https:\/\/protect-pharma.hr\/hr\/wp-json\/wp\/v2\/pages\/60\/revisions\/421"}],"wp:attachment":[{"href":"https:\/\/protect-pharma.hr\/hr\/wp-json\/wp\/v2\/media?parent=60"}],"curies":[{"name":"wp","href":"https:\/\/api.w.org\/{rel}","templated":true}]}}