{"id":53,"date":"2016-01-31T21:24:15","date_gmt":"2016-01-31T21:24:15","guid":{"rendered":"http:\/\/protect-pharma.hr?page_id=53"},"modified":"2020-03-03T09:48:01","modified_gmt":"2020-03-03T09:48:01","slug":"zaposljavanje","status":"publish","type":"page","link":"https:\/\/protect-pharma.hr\/hr\/zaposljavanje\/","title":{"rendered":"Zapo\u0161ljavanje"},"content":{"rendered":"<p>\u017delite postati dio na\u0161eg tima?<br \/>\nSpremni ste za timski rad i dobru atmosferu?<br \/>\n\u017delite napredovati?<br \/>\n\u017delite se educirati?<br \/>\nVolite putovati?<br \/>\nVolite kuhati i u\u017eivate u hrani?<\/p>\n<p>Ako je odgovor na bilo koje pitanje pozitivan, slobodno popunite obrazac za zapo\u0161ljavanje i po\u0161aljite nam Va\u0161 \u017eivotopis.<br \/>\nAko trenutno nemamo otvoreno radno mjesto, sve upite obra\u0111ujemo, sortiramo i \u010duvamo, te ukoliko se uka\u017ee potreba zovemo povratno.<br \/>\n<!--\n<iframe loading=\"lazy\" style=\"width: 100%; border: none;\" src=\"\/\/www.formget.com\/app\/forms\/view\/e0XM-180828\/i?w=328\" width=\"300\" height=\"1984\" frameborder=\"0\" scrolling=\"no\">Your Contact <\/iframe>\n--><\/p>","protected":false},"excerpt":{"rendered":"<p>\u017delite postati dio na\u0161eg tima? Spremni ste za timski rad i dobru atmosferu? \u017delite napredovati? \u017delite se educirati? Volite putovati? Volite kuhati i u\u017eivate u hrani? Ako je odgovor na bilo koje pitanje pozitivan, slobodno popunite obrazac za zapo\u0161ljavanje i po\u0161aljite nam Va\u0161 \u017eivotopis. Ako trenutno nemamo otvoreno radno mjesto, sve upite obra\u0111ujemo, sortiramo i &hellip; <a href=\"https:\/\/protect-pharma.hr\/hr\/zaposljavanje\/\" class=\"more-link\">Nastavi \u010ditati <span class=\"screen-reader-text\">Zapo\u0161ljavanje<\/span> <span class=\"meta-nav\">&rarr;<\/span><\/a><\/p>\n","protected":false},"author":1,"featured_media":0,"parent":0,"menu_order":0,"comment_status":"closed","ping_status":"closed","template":"","meta":{"footnotes":""},"class_list":["post-53","page","type-page","status-publish","hentry"],"_links":{"self":[{"href":"https:\/\/protect-pharma.hr\/hr\/wp-json\/wp\/v2\/pages\/53","targetHints":{"allow":["GET"]}}],"collection":[{"href":"https:\/\/protect-pharma.hr\/hr\/wp-json\/wp\/v2\/pages"}],"about":[{"href":"https:\/\/protect-pharma.hr\/hr\/wp-json\/wp\/v2\/types\/page"}],"author":[{"embeddable":true,"href":"https:\/\/protect-pharma.hr\/hr\/wp-json\/wp\/v2\/users\/1"}],"replies":[{"embeddable":true,"href":"https:\/\/protect-pharma.hr\/hr\/wp-json\/wp\/v2\/comments?post=53"}],"version-history":[{"count":17,"href":"https:\/\/protect-pharma.hr\/hr\/wp-json\/wp\/v2\/pages\/53\/revisions"}],"predecessor-version":[{"id":476,"href":"https:\/\/protect-pharma.hr\/hr\/wp-json\/wp\/v2\/pages\/53\/revisions\/476"}],"wp:attachment":[{"href":"https:\/\/protect-pharma.hr\/hr\/wp-json\/wp\/v2\/media?parent=53"}],"curies":[{"name":"wp","href":"https:\/\/api.w.org\/{rel}","templated":true}]}}