{"id":32,"date":"2016-01-31T19:02:37","date_gmt":"2016-01-31T19:02:37","guid":{"rendered":"http:\/\/protect-pharma.hr?page_id=32"},"modified":"2018-06-02T12:47:42","modified_gmt":"2018-06-02T12:47:42","slug":"eko_prerada","status":"publish","type":"page","link":"https:\/\/protect-pharma.hr\/hr\/eko_prerada\/","title":{"rendered":"Eko su\u0161enje"},"content":{"rendered":"<p>Ukoliko imate potrebu za su\u0161enjem va\u0161eg ljekovitog i za\u010dinskog bilja, vo\u0107a ili povr\u0107a, slobodno nas kontaktirajte.<\/p>\n<p>Su\u0161enje konoplje cvijeta i lista za \u010daj, kamilice i ostalog bilja, zatim aronije, \u0161ipka itd\u2026<\/p>\n<p>Sva priprema, prerada i su\u0161enje obavlja se u vlastiti pogonima i su\u0161arama u Rakitovici.<br \/>\nSu\u0161enje obavljamo sa reguliranim vru\u0107im zrakom u \u0161ar\u017enim su\u0161arama kapaciteta 4 tone ljekovitog bilja na dan.<\/p>\n<p>I jedna velika tra\u010dna su\u0161ara kapaciteta 40 tona na dan.<\/p>\n<p>Stojimo Vam na raspolaganju za dodatne informacije.<br \/>\nSlobodno nas kontaktirajte.<\/p>\n<p>Slobodno nas kontaktirajte za vi\u0161e informacija:<br \/>\nTel: +38531 400 511<br \/>\nE-mail: prodaja@protect-pharma.hr<\/p>","protected":false},"excerpt":{"rendered":"<p>Ukoliko imate potrebu za su\u0161enjem va\u0161eg ljekovitog i za\u010dinskog bilja, vo\u0107a ili povr\u0107a, slobodno nas kontaktirajte. Su\u0161enje konoplje cvijeta i lista za \u010daj, kamilice i ostalog bilja, zatim aronije, \u0161ipka itd\u2026 Sva priprema, prerada i su\u0161enje obavlja se u vlastiti pogonima i su\u0161arama u Rakitovici. Su\u0161enje obavljamo sa reguliranim vru\u0107im zrakom u \u0161ar\u017enim su\u0161arama kapaciteta &hellip; <a href=\"https:\/\/protect-pharma.hr\/hr\/eko_prerada\/\" class=\"more-link\">Nastavi \u010ditati <span class=\"screen-reader-text\">Eko su\u0161enje<\/span> <span class=\"meta-nav\">&rarr;<\/span><\/a><\/p>\n","protected":false},"author":1,"featured_media":0,"parent":0,"menu_order":0,"comment_status":"closed","ping_status":"closed","template":"","meta":{"footnotes":""},"class_list":["post-32","page","type-page","status-publish","hentry"],"_links":{"self":[{"href":"https:\/\/protect-pharma.hr\/hr\/wp-json\/wp\/v2\/pages\/32","targetHints":{"allow":["GET"]}}],"collection":[{"href":"https:\/\/protect-pharma.hr\/hr\/wp-json\/wp\/v2\/pages"}],"about":[{"href":"https:\/\/protect-pharma.hr\/hr\/wp-json\/wp\/v2\/types\/page"}],"author":[{"embeddable":true,"href":"https:\/\/protect-pharma.hr\/hr\/wp-json\/wp\/v2\/users\/1"}],"replies":[{"embeddable":true,"href":"https:\/\/protect-pharma.hr\/hr\/wp-json\/wp\/v2\/comments?post=32"}],"version-history":[{"count":11,"href":"https:\/\/protect-pharma.hr\/hr\/wp-json\/wp\/v2\/pages\/32\/revisions"}],"predecessor-version":[{"id":418,"href":"https:\/\/protect-pharma.hr\/hr\/wp-json\/wp\/v2\/pages\/32\/revisions\/418"}],"wp:attachment":[{"href":"https:\/\/protect-pharma.hr\/hr\/wp-json\/wp\/v2\/media?parent=32"}],"curies":[{"name":"wp","href":"https:\/\/api.w.org\/{rel}","templated":true}]}}