{"id":27,"date":"2016-01-31T19:02:05","date_gmt":"2016-01-31T19:02:05","guid":{"rendered":"http:\/\/protect-pharma.hr?page_id=27"},"modified":"2016-12-02T09:40:56","modified_gmt":"2016-12-02T09:40:56","slug":"o_nama","status":"publish","type":"page","link":"https:\/\/protect-pharma.hr\/hr\/o_nama\/","title":{"rendered":"O nama"},"content":{"rendered":"<p>Poljoprivredom, preradom, proizvodnjom i trgovinom bavimo se ve\u0107 25 godina.<\/p>\n<p>Tradicija proizvodnje vode, sokova, vo\u0107nih i prirodnih sokova, sirupa, tjestenine, za\u010dina, umaka, dodataka jelima, kruha i pekarskih proizvoda, kola\u010da, keksa, dodataka za slasti\u010darstvo, mje\u0161avina za\u010dina po narud\u017ebi, privatnih marki za trgova\u010dke lance i specijalizirane ku\u0107e za prodaju hrane i pi\u0107a, zatim ekolo\u0161ki certificirana prerada i su\u0161enje povr\u0107a, vo\u0107a, uljarica, \u017eitarica, za\u010dinskog i ljekovitog bilja, razvoj i proizvodnja proizvoda koji pozitivno utje\u010du na ljudsko zdravlje, govore o profesionalizmu i ozbiljnosti na\u0161eg poslovanja u tim podru\u010djima. Znanje i iskustvo upotpunjeno modernom tehnologijom \u010dine nas jednom od ve\u0107ih prehrambenih industrija u Hrvatskoj.<\/p>\n<p>Kao poslovni partner garantiramo najbolju, certificiranu kvalitetu sirovina i krajnjeg proizvoda. Kako bi uvijek proizvodili proizvode koji zadovoljavaju potrebe najzahtjevnijih kupaca, djelimo znanje i na\u0161e mogu\u0107nosti te prihva\u0107amo sugestije i usavr\u0161avamo proizvode u suradnji s kupcima. Na\u0161e kvalitete prepoznate su i van granica Lijepe na\u0161e, pa tako imamo kupce u drugim dr\u017eavama ali i na drugim kontinentima.<\/p>\n<p>Na\u0161a snaga le\u017ei u na\u0161em iskustvu i znanju, brzo smo i lako prilagodljivi promjenjivim zahtjevima tr\u017ei\u0161ta \u0161to na\u0161im partnerima daje slobodu kreativnosti u brzom stvaranju novog ili prilago\u0111enog proizvoda. Kroz dugogodi\u0161nju suradnju i razvoj, znamo \u0161to je na\u0161im kupcima najbitnije tako da na\u0161i proizvodi zadovoljavaju visoke kriterije kvalitete sirovina, kontinuitet kvalitete krajnjeg proizvoda kao i prirodan, autohtoni okus.<\/p>\n<p>Mi, vlasnici, ljubitelji smo prirode i \u017eivotinja, obo\u017eavamo kuhanje, a pogotovo doma\u0107u autohtonu hranu svih regija Hrvatske. Posjetili smo sve kontinente svijeta, upoznali tamo\u0161nje kulture i u\u017eivali u lokalnoj hrani. Samim time svjesni smo koliko su doga\u0111aji iz povijesti Hrvatske utjecali na jedinstvenu raznolikost na\u0161e kvalitetne kuhinje i njeno gastronomsko bogatstvo, razne utjecaje i fascinantnu o\u010duvanost tradicionalnih vrijednosti upravo u pripremi hrane, pi\u0107a i napitaka. Za nas je proizvodnje zdrave i kvalitetne hrane na prvome mjestu.<\/p>\n<p>Svi na\u0161i prera\u0111iva\u010dko-proizvodni pogoni, poljoprivredne povr\u0161ine, kao i prodaja, knjigovodstvo i uprava nalazi se u malom slavonskom selu Rakitovici. Rakitovica je smje\u0161tena sjeverno s lijeve strane rijeke Kara\u0161ice, okru\u017eena je nepreglednim poljima i \u0161umama, a s druge, sjeverne strane, na nepunih 5 km nalazi se grad Donji Miholjac i rijeka Drava. Od pamtivjeka se na na\u0161em podru\u010dju ljudi bave poljoprivredom i proizvodnjom hrane, tako da se nalazimo u idealnom okru\u017eenju koje samo po sebi nala\u017ee njegovanje starih vrijednosti.<\/p>","protected":false},"excerpt":{"rendered":"<p>Poljoprivredom, preradom, proizvodnjom i trgovinom bavimo se ve\u0107 25 godina. Tradicija proizvodnje vode, sokova, vo\u0107nih i prirodnih sokova, sirupa, tjestenine, za\u010dina, umaka, dodataka jelima, kruha i pekarskih proizvoda, kola\u010da, keksa, dodataka za slasti\u010darstvo, mje\u0161avina za\u010dina po narud\u017ebi, privatnih marki za trgova\u010dke lance i specijalizirane ku\u0107e za prodaju hrane i pi\u0107a, zatim ekolo\u0161ki certificirana prerada i &hellip; <a href=\"https:\/\/protect-pharma.hr\/hr\/o_nama\/\" class=\"more-link\">Nastavi \u010ditati <span class=\"screen-reader-text\">O nama<\/span> <span class=\"meta-nav\">&rarr;<\/span><\/a><\/p>\n","protected":false},"author":1,"featured_media":0,"parent":0,"menu_order":0,"comment_status":"closed","ping_status":"closed","template":"","meta":{"footnotes":""},"class_list":["post-27","page","type-page","status-publish","hentry"],"_links":{"self":[{"href":"https:\/\/protect-pharma.hr\/hr\/wp-json\/wp\/v2\/pages\/27","targetHints":{"allow":["GET"]}}],"collection":[{"href":"https:\/\/protect-pharma.hr\/hr\/wp-json\/wp\/v2\/pages"}],"about":[{"href":"https:\/\/protect-pharma.hr\/hr\/wp-json\/wp\/v2\/types\/page"}],"author":[{"embeddable":true,"href":"https:\/\/protect-pharma.hr\/hr\/wp-json\/wp\/v2\/users\/1"}],"replies":[{"embeddable":true,"href":"https:\/\/protect-pharma.hr\/hr\/wp-json\/wp\/v2\/comments?post=27"}],"version-history":[{"count":8,"href":"https:\/\/protect-pharma.hr\/hr\/wp-json\/wp\/v2\/pages\/27\/revisions"}],"predecessor-version":[{"id":300,"href":"https:\/\/protect-pharma.hr\/hr\/wp-json\/wp\/v2\/pages\/27\/revisions\/300"}],"wp:attachment":[{"href":"https:\/\/protect-pharma.hr\/hr\/wp-json\/wp\/v2\/media?parent=27"}],"curies":[{"name":"wp","href":"https:\/\/api.w.org\/{rel}","templated":true}]}}