{"id":132,"date":"2016-02-01T02:27:04","date_gmt":"2016-02-01T02:27:04","guid":{"rendered":"http:\/\/protect-pharma.hr?page_id=132"},"modified":"2018-06-02T12:38:12","modified_gmt":"2018-06-02T12:38:12","slug":"eko-prerada","status":"publish","type":"page","link":"https:\/\/protect-pharma.hr\/hr\/eko-prerada\/","title":{"rendered":"Eko prerada"},"content":{"rendered":"<p>Ukoliko imate potrebu za daljnjom preradom va\u0161eg ljekovitog i za\u010dinskog bilja, vo\u0107a ili povr\u0107a, a bitno Vam je da i prerada bude eko certificirana, slobodno nas kontaktirajte.<\/p>\n<p>Konoplja:<br \/>\n-\u010ci\u0161\u0107enje od zemlje, kamena, korova, metala&#8230;<br \/>\n-Odvajanje cvijeta, lista i sjemena od stabljike<br \/>\n-Odvajanje cvijeta i lista od sjemena<br \/>\n-Sjeckanje cvijeta i lista konoplje za \u010daj<br \/>\n-Mljevenje u prah<br \/>\n-Mo\u017eemo Vam ponuditi pakiranje od male vre\u0107ice od 1g do jumbo vre\u0107a od 1t<br \/>\n-Mo\u017eemo Vam ponuditi i punjenje praha u kapsule<\/p>\n<p>Aronija:<br \/>\n-\u010ci\u0161\u0107enje od zemlje, kamena, korova, metala&#8230;<br \/>\n-Sjeckanje aronije za \u010daj<br \/>\n-Mljevenje u prah<br \/>\n-Mo\u017eemo Vam ponuditi pakiranje od male vre\u0107ice od 1g do jumbo vre\u0107a od 1t<br \/>\n-Mo\u017eemo Vam ponuditi i punjenje praha u kapsule<\/p>\n<p>Sva priprema, prerada i su\u0161enje obavlja se u vlastitim pogonima i su\u0161arama u Rakitovici.<\/p>\n<p>Stojimo Vam na raspolaganju za dodatne informacije.<br \/>\nSlobodno nas kontaktirajte<\/p>","protected":false},"excerpt":{"rendered":"<p>Ukoliko imate potrebu za daljnjom preradom va\u0161eg ljekovitog i za\u010dinskog bilja, vo\u0107a ili povr\u0107a, a bitno Vam je da i prerada bude eko certificirana, slobodno nas kontaktirajte. Konoplja: -\u010ci\u0161\u0107enje od zemlje, kamena, korova, metala&#8230; -Odvajanje cvijeta, lista i sjemena od stabljike -Odvajanje cvijeta i lista od sjemena -Sjeckanje cvijeta i lista konoplje za \u010daj -Mljevenje &hellip; <a href=\"https:\/\/protect-pharma.hr\/hr\/eko-prerada\/\" class=\"more-link\">Nastavi \u010ditati <span class=\"screen-reader-text\">Eko prerada<\/span> <span class=\"meta-nav\">&rarr;<\/span><\/a><\/p>\n","protected":false},"author":1,"featured_media":0,"parent":0,"menu_order":0,"comment_status":"closed","ping_status":"closed","template":"","meta":{"footnotes":""},"class_list":["post-132","page","type-page","status-publish","hentry"],"_links":{"self":[{"href":"https:\/\/protect-pharma.hr\/hr\/wp-json\/wp\/v2\/pages\/132","targetHints":{"allow":["GET"]}}],"collection":[{"href":"https:\/\/protect-pharma.hr\/hr\/wp-json\/wp\/v2\/pages"}],"about":[{"href":"https:\/\/protect-pharma.hr\/hr\/wp-json\/wp\/v2\/types\/page"}],"author":[{"embeddable":true,"href":"https:\/\/protect-pharma.hr\/hr\/wp-json\/wp\/v2\/users\/1"}],"replies":[{"embeddable":true,"href":"https:\/\/protect-pharma.hr\/hr\/wp-json\/wp\/v2\/comments?post=132"}],"version-history":[{"count":5,"href":"https:\/\/protect-pharma.hr\/hr\/wp-json\/wp\/v2\/pages\/132\/revisions"}],"predecessor-version":[{"id":412,"href":"https:\/\/protect-pharma.hr\/hr\/wp-json\/wp\/v2\/pages\/132\/revisions\/412"}],"wp:attachment":[{"href":"https:\/\/protect-pharma.hr\/hr\/wp-json\/wp\/v2\/media?parent=132"}],"curies":[{"name":"wp","href":"https:\/\/api.w.org\/{rel}","templated":true}]}}